{"id":12,"date":"2023-03-04T18:58:37","date_gmt":"2023-03-04T17:58:37","guid":{"rendered":"https:\/\/www.dietico.de\/?page_id=12"},"modified":"2023-03-18T19:09:30","modified_gmt":"2023-03-18T18:09:30","slug":"willkommen","status":"publish","type":"page","link":"https:\/\/www.dietico.de\/","title":{"rendered":"Willkommen"},"content":{"rendered":"<div id=\"pl-12\"  class=\"panel-layout\" ><div id=\"pg-12-0\"  class=\"panel-grid panel-no-style\" ><div id=\"pgc-12-0-0\"  class=\"panel-grid-cell\" ><div id=\"panel-12-0-0-0\" class=\"so-panel widget widget_sow-editor panel-first-child panel-last-child\" data-index=\"0\" ><div\n\t\t\t\n\t\t\tclass=\"so-widget-sow-editor so-widget-sow-editor-base\"\n\t\t\t\n\t\t>\n<div class=\"siteorigin-widget-tinymce textwidget\">\n\t<h1>Willkommen<\/h1>\n<h2>Du hast uns gefunden.<\/h2>\n<p>Herzlich willkommen bei dietico, der naturwissenschaftlich und klinisch verifizierten Ern\u00e4hrungsberatung. Herzlich willkommen bei dietico, der naturwissenschaftlich und klinisch verifizierten Ern\u00e4hrungsberatung. Herzlich willkommen bei dietico, der naturwissenschaftlich und klinisch verifizierten Ern\u00e4hrungsberatung. Herzlich willkommen bei dietico, der naturwissenschaftlich und klinisch verifizierten Ern\u00e4hrungsberatung.<\/p>\n<\/div>\n<\/div><\/div><\/div><\/div><div id=\"pg-12-1\"  class=\"panel-grid panel-no-style\" ><div id=\"pgc-12-1-0\"  class=\"panel-grid-cell\" ><div id=\"panel-12-1-0-0\" class=\"so-panel widget widget_sow-editor panel-first-child panel-last-child\" data-index=\"1\" ><div\n\t\t\t\n\t\t\tclass=\"so-widget-sow-editor so-widget-sow-editor-base\"\n\t\t\t\n\t\t>\n<div class=\"siteorigin-widget-tinymce textwidget\">\n\t<p><img loading=\"lazy\" decoding=\"async\" class=\"wp-image-99 size-thumbnail aligncenter\" src=\"https:\/\/www.dietico.de\/wp-content\/uploads\/2023\/03\/picto_talk_direct-150x150.png\" alt=\"\" width=\"150\" height=\"150\" srcset=\"https:\/\/www.dietico.de\/wp-content\/uploads\/2023\/03\/picto_talk_direct-150x150.png 150w, https:\/\/www.dietico.de\/wp-content\/uploads\/2023\/03\/picto_talk_direct-300x300.png 300w, https:\/\/www.dietico.de\/wp-content\/uploads\/2023\/03\/picto_talk_direct.png 500w\" sizes=\"auto, (max-width: 150px) 100vw, 150px\" \/><\/p>\n<\/div>\n<\/div><\/div><\/div><div id=\"pgc-12-1-1\"  class=\"panel-grid-cell\" ><div id=\"panel-12-1-1-0\" class=\"so-panel widget widget_sow-editor panel-first-child panel-last-child\" data-index=\"2\" ><div\n\t\t\t\n\t\t\tclass=\"so-widget-sow-editor so-widget-sow-editor-base\"\n\t\t\t\n\t\t>\n<div class=\"siteorigin-widget-tinymce textwidget\">\n\t<p><img loading=\"lazy\" decoding=\"async\" class=\"wp-image-100 size-thumbnail aligncenter\" src=\"https:\/\/www.dietico.de\/wp-content\/uploads\/2023\/03\/picto_talk_zoom-150x150.png\" alt=\"\" width=\"150\" height=\"150\" srcset=\"https:\/\/www.dietico.de\/wp-content\/uploads\/2023\/03\/picto_talk_zoom-150x150.png 150w, https:\/\/www.dietico.de\/wp-content\/uploads\/2023\/03\/picto_talk_zoom-300x300.png 300w, https:\/\/www.dietico.de\/wp-content\/uploads\/2023\/03\/picto_talk_zoom.png 500w\" sizes=\"auto, (max-width: 150px) 100vw, 150px\" \/><\/p>\n<\/div>\n<\/div><\/div><\/div><div id=\"pgc-12-1-2\"  class=\"panel-grid-cell\" ><div id=\"panel-12-1-2-0\" class=\"so-panel widget widget_sow-editor panel-first-child panel-last-child\" data-index=\"3\" ><div\n\t\t\t\n\t\t\tclass=\"so-widget-sow-editor so-widget-sow-editor-base\"\n\t\t\t\n\t\t>\n<div class=\"siteorigin-widget-tinymce textwidget\">\n\t<p><img loading=\"lazy\" decoding=\"async\" class=\"wp-image-99 size-thumbnail aligncenter\" src=\"https:\/\/www.dietico.de\/wp-content\/uploads\/2023\/03\/picto_talk_direct-150x150.png\" alt=\"\" width=\"150\" height=\"150\" srcset=\"https:\/\/www.dietico.de\/wp-content\/uploads\/2023\/03\/picto_talk_direct-150x150.png 150w, https:\/\/www.dietico.de\/wp-content\/uploads\/2023\/03\/picto_talk_direct-300x300.png 300w, https:\/\/www.dietico.de\/wp-content\/uploads\/2023\/03\/picto_talk_direct.png 500w\" sizes=\"auto, (max-width: 150px) 100vw, 150px\" \/><\/p>\n<\/div>\n<\/div><\/div><\/div><\/div><div id=\"pg-12-2\"  class=\"panel-grid panel-no-style\" ><div id=\"pgc-12-2-0\"  class=\"panel-grid-cell\" ><div id=\"panel-12-2-0-0\" class=\"so-panel widget widget_sow-editor panel-first-child panel-last-child\" data-index=\"4\" ><div\n\t\t\t\n\t\t\tclass=\"so-widget-sow-editor so-widget-sow-editor-base\"\n\t\t\t\n\t\t>\n<div class=\"siteorigin-widget-tinymce textwidget\">\n\t<p>Herzlich willkommen bei dietico, der naturwissenschaftlich und klinisch verifizierten Ern\u00e4hrungsberatung. Herzlich willkommen bei dietico, der naturwissenschaftlich und klinisch verifizierten Ern\u00e4hrungsberatung. Herzlich willkommen bei dietico, der naturwissenschaftlich und klinisch verifizierten Ern\u00e4hrungsberatung.<\/p>\n<p>Herzlich willkommen bei dietico, der naturwissenschaftlich und klinisch verifizierten Ern\u00e4hrungsberatung. Herzlich willkommen bei dietico, der naturwissenschaftlich und klinisch verifizierten Ern\u00e4hrungsberatung. Herzlich willkommen bei dietico, der naturwissenschaftlich und klinisch verifizierten Ern\u00e4hrungsberatung. Herzlich willkommen bei dietico, der naturwissenschaftlich und klinisch verifizierten Ern\u00e4hrungsberatung.<\/p>\n<\/div>\n<\/div><\/div><\/div><\/div><\/div>","protected":false},"excerpt":{"rendered":"<p>Willkommen Du hast uns gefunden. Herzlich willkommen bei dietico, der naturwissenschaftlich und klinisch verifizierten Ern\u00e4hrungsberatung. Herzlich willkommen bei dietico, der naturwissenschaftlich und klinisch verifizierten Ern\u00e4hrungsberatung.&hellip;<\/p>\n","protected":false},"author":1,"featured_media":0,"parent":0,"menu_order":0,"comment_status":"closed","ping_status":"closed","template":"","meta":{"footnotes":""},"class_list":["post-12","page","type-page","status-publish","hentry"],"_links":{"self":[{"href":"https:\/\/www.dietico.de\/index.php?rest_route=\/wp\/v2\/pages\/12","targetHints":{"allow":["GET"]}}],"collection":[{"href":"https:\/\/www.dietico.de\/index.php?rest_route=\/wp\/v2\/pages"}],"about":[{"href":"https:\/\/www.dietico.de\/index.php?rest_route=\/wp\/v2\/types\/page"}],"author":[{"embeddable":true,"href":"https:\/\/www.dietico.de\/index.php?rest_route=\/wp\/v2\/users\/1"}],"replies":[{"embeddable":true,"href":"https:\/\/www.dietico.de\/index.php?rest_route=%2Fwp%2Fv2%2Fcomments&post=12"}],"version-history":[{"count":15,"href":"https:\/\/www.dietico.de\/index.php?rest_route=\/wp\/v2\/pages\/12\/revisions"}],"predecessor-version":[{"id":106,"href":"https:\/\/www.dietico.de\/index.php?rest_route=\/wp\/v2\/pages\/12\/revisions\/106"}],"wp:attachment":[{"href":"https:\/\/www.dietico.de\/index.php?rest_route=%2Fwp%2Fv2%2Fmedia&parent=12"}],"curies":[{"name":"wp","href":"https:\/\/api.w.org\/{rel}","templated":true}]}}